{"id":2085,"date":"2024-04-15T19:55:30","date_gmt":"2024-04-15T17:55:30","guid":{"rendered":"https:\/\/apsmontsdor.com\/?page_id=2085"},"modified":"2024-04-15T20:58:52","modified_gmt":"2024-04-15T18:58:52","slug":"qui-sommes-nous","status":"publish","type":"page","link":"https:\/\/apsmontsdor.com\/index.php\/qui-sommes-nous\/","title":{"rendered":"Qui sommes-nous ?"},"content":{"rendered":"\n<h2 class=\"wp-block-heading\">\u00c0 propos d\u2019A.P.S Monts d\u2019Or<\/h2>\n\n\n\n<p>Avec plus de 25 ans d&rsquo;exp\u00e9rience,\u00a0<strong>A.P.S Monts d\u2019Or<\/strong>\u00a0s\u2019engage \u00e0 fournir des services professionnels de qualit\u00e9. Notre entreprise est sp\u00e9cialis\u00e9e dans l\u2019installation, la vente, le d\u00e9pannage et la maintenance de produits tels que les portails, les portes de garage, les automatismes, les alarmes, la vid\u00e9osurveillance, le contr\u00f4le d\u2019acc\u00e8s et l\u2019interphonie.<\/p>\n\n\n\n<p>Ce qui nous distingue, c\u2019est notre engagement envers la satisfaction du client. Nous sommes \u00e0 l\u2019\u00e9coute, r\u00e9actifs et nous nous effor\u00e7ons toujours de d\u00e9passer les attentes. Chez&nbsp;<strong>A.P.S Monts d\u2019Or<\/strong>, chaque client est important.<\/p>\n","protected":false},"excerpt":{"rendered":"<p>\u00c0 propos d\u2019A.P.S Monts d\u2019Or Avec plus de 25 ans d&rsquo;exp\u00e9rience,\u00a0A.P.S Monts d\u2019Or\u00a0s\u2019engage \u00e0 fournir des services professionnels de qualit\u00e9. Notre entreprise est sp\u00e9cialis\u00e9e dans l\u2019installation, la vente, le d\u00e9pannage et la maintenance de produits tels que les portails, les portes de garage, les automatismes, les alarmes, la vid\u00e9osurveillance, le contr\u00f4le d\u2019acc\u00e8s et l\u2019interphonie. Ce &hellip; <\/p>\n<p class=\"link-more\"><a href=\"https:\/\/apsmontsdor.com\/index.php\/qui-sommes-nous\/\" class=\"more-link\">Continuer la lecture<span class=\"screen-reader-text\"> de &laquo;&nbsp;Qui sommes-nous ?&nbsp;&raquo;<\/span><\/a><\/p>\n","protected":false},"author":1,"featured_media":0,"parent":0,"menu_order":0,"comment_status":"closed","ping_status":"closed","template":"","meta":{"footnotes":""},"class_list":["post-2085","page","type-page","status-publish","hentry"],"_links":{"self":[{"href":"https:\/\/apsmontsdor.com\/index.php\/wp-json\/wp\/v2\/pages\/2085","targetHints":{"allow":["GET"]}}],"collection":[{"href":"https:\/\/apsmontsdor.com\/index.php\/wp-json\/wp\/v2\/pages"}],"about":[{"href":"https:\/\/apsmontsdor.com\/index.php\/wp-json\/wp\/v2\/types\/page"}],"author":[{"embeddable":true,"href":"https:\/\/apsmontsdor.com\/index.php\/wp-json\/wp\/v2\/users\/1"}],"replies":[{"embeddable":true,"href":"https:\/\/apsmontsdor.com\/index.php\/wp-json\/wp\/v2\/comments?post=2085"}],"version-history":[{"count":4,"href":"https:\/\/apsmontsdor.com\/index.php\/wp-json\/wp\/v2\/pages\/2085\/revisions"}],"predecessor-version":[{"id":2102,"href":"https:\/\/apsmontsdor.com\/index.php\/wp-json\/wp\/v2\/pages\/2085\/revisions\/2102"}],"wp:attachment":[{"href":"https:\/\/apsmontsdor.com\/index.php\/wp-json\/wp\/v2\/media?parent=2085"}],"curies":[{"name":"wp","href":"https:\/\/api.w.org\/{rel}","templated":true}]}}